{"id":486,"date":"2021-04-21T09:50:42","date_gmt":"2021-04-21T09:50:42","guid":{"rendered":"https:\/\/www.uhdspain.com\/miembros\/"},"modified":"2022-01-27T10:55:22","modified_gmt":"2022-01-27T08:55:22","slug":"members","status":"publish","type":"page","link":"https:\/\/www.uhdspain.com\/en\/members\/","title":{"rendered":"Members"},"content":{"rendered":"","protected":false},"excerpt":{"rendered":"","protected":false},"author":1,"featured_media":0,"parent":0,"menu_order":0,"comment_status":"closed","ping_status":"closed","template":"template-grid.php","meta":{"_acf_changed":false,"inline_featured_image":false,"footnotes":""},"class_list":["post-486","page","type-page","status-publish","hentry"],"acf":[],"yoast_head":"<!-- This site is optimized with the Yoast SEO plugin v27.5 - https:\/\/yoast.com\/product\/yoast-seo-wordpress\/ -->\n<title>Members - UHD SPAIN<\/title>\n<meta name=\"description\" content=\"Los miembros de UHD SPAIN trabajan juntos para garantizar que las especificaciones sigan cumpliendo con los requisitos del mercado, al tiempo que apoyan la innovaci\u00f3n para la prestaci\u00f3n de futuros servicios de televisi\u00f3n.\" \/>\n<meta name=\"robots\" content=\"index, follow, max-snippet:-1, max-image-preview:large, max-video-preview:-1\" \/>\n<link rel=\"canonical\" href=\"https:\/\/www.uhdspain.com\/en\/members\/\" \/>\n<meta property=\"og:locale\" content=\"en_US\" \/>\n<meta property=\"og:type\" content=\"article\" \/>\n<meta property=\"og:title\" content=\"Members - UHD SPAIN\" \/>\n<meta property=\"og:description\" content=\"Los miembros de UHD SPAIN trabajan juntos para garantizar que las especificaciones sigan cumpliendo con los requisitos del mercado, al tiempo que apoyan la innovaci\u00f3n para la prestaci\u00f3n de futuros servicios de televisi\u00f3n.\" \/>\n<meta property=\"og:url\" content=\"https:\/\/www.uhdspain.com\/en\/members\/\" \/>\n<meta property=\"og:site_name\" content=\"UHD SPAIN\" \/>\n<meta property=\"article:modified_time\" content=\"2022-01-27T08:55:22+00:00\" \/>\n<meta name=\"twitter:card\" content=\"summary_large_image\" \/>\n<script type=\"application\/ld+json\" class=\"yoast-schema-graph\">{\"@context\":\"https:\\\/\\\/schema.org\",\"@graph\":[{\"@type\":\"WebPage\",\"@id\":\"https:\\\/\\\/www.uhdspain.com\\\/en\\\/members\\\/\",\"url\":\"https:\\\/\\\/www.uhdspain.com\\\/en\\\/members\\\/\",\"name\":\"Members - UHD SPAIN\",\"isPartOf\":{\"@id\":\"https:\\\/\\\/www.uhdspain.com\\\/#website\"},\"datePublished\":\"2021-04-21T09:50:42+00:00\",\"dateModified\":\"2022-01-27T08:55:22+00:00\",\"description\":\"Los miembros de UHD SPAIN trabajan juntos para garantizar que las especificaciones sigan cumpliendo con los requisitos del mercado, al tiempo que apoyan la innovaci\u00f3n para la prestaci\u00f3n de futuros servicios de televisi\u00f3n.\",\"breadcrumb\":{\"@id\":\"https:\\\/\\\/www.uhdspain.com\\\/en\\\/members\\\/#breadcrumb\"},\"inLanguage\":\"en-US\",\"potentialAction\":[{\"@type\":\"ReadAction\",\"target\":[\"https:\\\/\\\/www.uhdspain.com\\\/en\\\/members\\\/\"]}]},{\"@type\":\"BreadcrumbList\",\"@id\":\"https:\\\/\\\/www.uhdspain.com\\\/en\\\/members\\\/#breadcrumb\",\"itemListElement\":[{\"@type\":\"ListItem\",\"position\":1,\"name\":\"Portada\",\"item\":\"https:\\\/\\\/www.uhdspain.com\\\/en\\\/\"},{\"@type\":\"ListItem\",\"position\":2,\"name\":\"Members\"}]},{\"@type\":\"WebSite\",\"@id\":\"https:\\\/\\\/www.uhdspain.com\\\/#website\",\"url\":\"https:\\\/\\\/www.uhdspain.com\\\/\",\"name\":\"UHD SPAIN\",\"description\":\"\",\"publisher\":{\"@id\":\"https:\\\/\\\/www.uhdspain.com\\\/#organization\"},\"potentialAction\":[{\"@type\":\"SearchAction\",\"target\":{\"@type\":\"EntryPoint\",\"urlTemplate\":\"https:\\\/\\\/www.uhdspain.com\\\/?s={search_term_string}\"},\"query-input\":{\"@type\":\"PropertyValueSpecification\",\"valueRequired\":true,\"valueName\":\"search_term_string\"}}],\"inLanguage\":\"en-US\"},{\"@type\":\"Organization\",\"@id\":\"https:\\\/\\\/www.uhdspain.com\\\/#organization\",\"name\":\"UHD SPAIN\",\"url\":\"https:\\\/\\\/www.uhdspain.com\\\/\",\"logo\":{\"@type\":\"ImageObject\",\"inLanguage\":\"en-US\",\"@id\":\"https:\\\/\\\/www.uhdspain.com\\\/#\\\/schema\\\/logo\\\/image\\\/\",\"url\":\"https:\\\/\\\/www.uhdspain.com\\\/web\\\/wp-content\\\/uploads\\\/2021\\\/04\\\/UHD-SPAIN-LOGO.png\",\"contentUrl\":\"https:\\\/\\\/www.uhdspain.com\\\/web\\\/wp-content\\\/uploads\\\/2021\\\/04\\\/UHD-SPAIN-LOGO.png\",\"width\":900,\"height\":600,\"caption\":\"UHD SPAIN\"},\"image\":{\"@id\":\"https:\\\/\\\/www.uhdspain.com\\\/#\\\/schema\\\/logo\\\/image\\\/\"}}]}<\/script>\n<!-- \/ Yoast SEO plugin. -->","yoast_head_json":{"title":"Members - UHD SPAIN","description":"Los miembros de UHD SPAIN trabajan juntos para garantizar que las especificaciones sigan cumpliendo con los requisitos del mercado, al tiempo que apoyan la innovaci\u00f3n para la prestaci\u00f3n de futuros servicios de televisi\u00f3n.","robots":{"index":"index","follow":"follow","max-snippet":"max-snippet:-1","max-image-preview":"max-image-preview:large","max-video-preview":"max-video-preview:-1"},"canonical":"https:\/\/www.uhdspain.com\/en\/members\/","og_locale":"en_US","og_type":"article","og_title":"Members - UHD SPAIN","og_description":"Los miembros de UHD SPAIN trabajan juntos para garantizar que las especificaciones sigan cumpliendo con los requisitos del mercado, al tiempo que apoyan la innovaci\u00f3n para la prestaci\u00f3n de futuros servicios de televisi\u00f3n.","og_url":"https:\/\/www.uhdspain.com\/en\/members\/","og_site_name":"UHD SPAIN","article_modified_time":"2022-01-27T08:55:22+00:00","twitter_card":"summary_large_image","schema":{"@context":"https:\/\/schema.org","@graph":[{"@type":"WebPage","@id":"https:\/\/www.uhdspain.com\/en\/members\/","url":"https:\/\/www.uhdspain.com\/en\/members\/","name":"Members - UHD SPAIN","isPartOf":{"@id":"https:\/\/www.uhdspain.com\/#website"},"datePublished":"2021-04-21T09:50:42+00:00","dateModified":"2022-01-27T08:55:22+00:00","description":"Los miembros de UHD SPAIN trabajan juntos para garantizar que las especificaciones sigan cumpliendo con los requisitos del mercado, al tiempo que apoyan la innovaci\u00f3n para la prestaci\u00f3n de futuros servicios de televisi\u00f3n.","breadcrumb":{"@id":"https:\/\/www.uhdspain.com\/en\/members\/#breadcrumb"},"inLanguage":"en-US","potentialAction":[{"@type":"ReadAction","target":["https:\/\/www.uhdspain.com\/en\/members\/"]}]},{"@type":"BreadcrumbList","@id":"https:\/\/www.uhdspain.com\/en\/members\/#breadcrumb","itemListElement":[{"@type":"ListItem","position":1,"name":"Portada","item":"https:\/\/www.uhdspain.com\/en\/"},{"@type":"ListItem","position":2,"name":"Members"}]},{"@type":"WebSite","@id":"https:\/\/www.uhdspain.com\/#website","url":"https:\/\/www.uhdspain.com\/","name":"UHD SPAIN","description":"","publisher":{"@id":"https:\/\/www.uhdspain.com\/#organization"},"potentialAction":[{"@type":"SearchAction","target":{"@type":"EntryPoint","urlTemplate":"https:\/\/www.uhdspain.com\/?s={search_term_string}"},"query-input":{"@type":"PropertyValueSpecification","valueRequired":true,"valueName":"search_term_string"}}],"inLanguage":"en-US"},{"@type":"Organization","@id":"https:\/\/www.uhdspain.com\/#organization","name":"UHD SPAIN","url":"https:\/\/www.uhdspain.com\/","logo":{"@type":"ImageObject","inLanguage":"en-US","@id":"https:\/\/www.uhdspain.com\/#\/schema\/logo\/image\/","url":"https:\/\/www.uhdspain.com\/web\/wp-content\/uploads\/2021\/04\/UHD-SPAIN-LOGO.png","contentUrl":"https:\/\/www.uhdspain.com\/web\/wp-content\/uploads\/2021\/04\/UHD-SPAIN-LOGO.png","width":900,"height":600,"caption":"UHD SPAIN"},"image":{"@id":"https:\/\/www.uhdspain.com\/#\/schema\/logo\/image\/"}}]}},"_links":{"self":[{"href":"https:\/\/www.uhdspain.com\/en\/wp-json\/wp\/v2\/pages\/486","targetHints":{"allow":["GET"]}}],"collection":[{"href":"https:\/\/www.uhdspain.com\/en\/wp-json\/wp\/v2\/pages"}],"about":[{"href":"https:\/\/www.uhdspain.com\/en\/wp-json\/wp\/v2\/types\/page"}],"author":[{"embeddable":true,"href":"https:\/\/www.uhdspain.com\/en\/wp-json\/wp\/v2\/users\/1"}],"replies":[{"embeddable":true,"href":"https:\/\/www.uhdspain.com\/en\/wp-json\/wp\/v2\/comments?post=486"}],"version-history":[{"count":0,"href":"https:\/\/www.uhdspain.com\/en\/wp-json\/wp\/v2\/pages\/486\/revisions"}],"wp:attachment":[{"href":"https:\/\/www.uhdspain.com\/en\/wp-json\/wp\/v2\/media?parent=486"}],"curies":[{"name":"wp","href":"https:\/\/api.w.org\/{rel}","templated":true}]}}